{"id":1600,"date":"2020-08-24T13:17:01","date_gmt":"2020-08-24T11:17:01","guid":{"rendered":"https:\/\/ukazia.pl\/?page_id=1600"},"modified":"2020-08-24T13:21:00","modified_gmt":"2020-08-24T11:21:00","slug":"polityka-prywatnosci","status":"publish","type":"page","link":"https:\/\/ukazia.pl\/index.php\/polityka-prywatnosci\/","title":{"rendered":"Polityka prywatno\u015bci"},"content":{"rendered":"\n<p>Podana poni\u017cej polityka prywatno\u015bci dotyczy strony ukazia.pl<\/p>\n\n\n\n<p>Na stronie internetowej ukazia.pl dane osobowe zbierane s\u0105 w nast\u0119puj\u0105cej formie:<\/p>\n\n\n\n<ol class=\"wp-block-list\"><li>Formularze kontaktowe<br>\na) og\u00f3lny formularz kontaktu &#8211; zbierane s\u0105 nast\u0119puj\u0105ce informacje: imi\u0119, nazwisko, telefon, email; podanie powy\u017cszych danych jest konieczne do skutecznego kontaktu naszej firmy z Pa\u0144stwem,<br>\nb) formularz rezerwacji &#8211; zbierane s\u0105 nast\u0119puj\u0105ce informacje: imi\u0119, nazwisko, miasto, telefon, email; podanie powy\u017cszych danych jest konieczne do skutecznego kontaktu naszej firmy z Pa\u0144stwem. Wype\u0142nienie formularza umo\u017cliwi weryfikacj\u0119 mo\u017cliwo\u015bci rezerwacji us\u0142ugi w podanym terminie.<br>\nc) formularz zapytaj o dost\u0119pno\u015b\u0107 &#8211; zbierane s\u0105 nast\u0119puj\u0105ce informacje: imi\u0119, nazwisko, telefon, email; podanie powy\u017cszych danych jest konieczne do skutecznego kontaktu naszej firmy z Pa\u0144stwem. Podanie powy\u017cszych danych umo\u017cliwi sprawdzenie dost\u0119pno\u015bci wybranego pokoju w podanym przedziale czasowycm.<\/li><li>Administratorem danych osobowych podanych w formularzach jest firma: Zak\u0142ad Drogowy Waldemar Lewandowski, Psary Ma\u0142e, ul. Kr\u00f3tka 1A, 62-300 Wrze\u015bnia, NIP: 789-000-58-38.<\/li><li>Dane podawane w formularzch kontaktowych wykorzystywane s\u0105 przez wy\u0142\u0105cznie przez firm\u0119 Zak\u0142ad Drogowy Waldemar Lewandowki. Wykorzystywane s\u0105 w celu prowadzenia dzia\u0142alno\u015bci gospodarczej &#8211; kontaktu z klientami.<\/li><li>Prawo dost\u0119pu, modyfikacji, do wniesienia sprzeciwu i skargi do Pa\u0144stwa danych osobowych.<br>\nZgodnie z RODO, przys\u0142uguje Pa\u0144stwu prawo do:<br>\n\u2022 dost\u0119pu do swoich danych oraz otrzymania ich kopii,<br>\n\u2022 sprostowania (poprawiania, uzupe\u0142niania) swoich danych,<br>\n\u2022 usuni\u0119cia danych (przetwarzanych bezpodstawnie lub na podstawie odwo\u0142anej zgody),<br>\n\u2022 ograniczenia przetwarzania danych (wstrzymanie operacji na danych lub nieusuwanie danych \u2013 w zale\u017cno\u015bci od tre\u015bci Pa\u0144stwa wniosku),<br>\n\u2022 z\u0142o\u017cenia wniosku o przeniesienie danych do innego administratora (art. 20 RODO),<br>\n\u2022 z\u0142o\u017cenia sprzeciwu wobec przetwarzania danych, je\u017celi Pa\u0144stwa dane s\u0105 przetwarzane we celu marketingu bezpo\u015bredniego lub podstaw\u0105 przetwarzania danych jest prawnie uzasadniony interes Administratora lub interes publiczny.<\/li><\/ol>\n\n\n\n<p>Z powy\u017cszych praw mo\u017cecie Pa\u0144stwo skorzysta\u0107 kontaktuj\u0105c si\u0119 z nami listownie pod adresem Zak\u0142ad Drogowy Waldemar Lewandowski, Psary Ma\u0142e, ul. Kr\u00f3tka 1A, 62-300 Wrze\u015bnia, mailowo, telefonicznie.<\/p>\n\n\n\n<p>Przys\u0142uguje Pa\u0144stwu prawo wniesienia skargi do organu nadzorczego, kt\u00f3rym jest Prezes Urz\u0119du Ochrony Danych Osobowych, je\u017celi uwa\u017cacie Pa\u0144stwo, \u017ce przetwarzanie danych narusza przepisy prawa.<\/p>\n","protected":false},"excerpt":{"rendered":"<p>Podana poni\u017cej polityka prywatno\u015bci dotyczy strony ukazia.pl Na stronie internetowej ukazia.pl dane osobowe zbierane s\u0105 w nast\u0119puj\u0105cej formie: Formularze kontaktowe a) og\u00f3lny formularz kontaktu &#8211; zbierane s\u0105 nast\u0119puj\u0105ce informacje: imi\u0119, nazwisko, telefon, email; podanie powy\u017cszych danych jest konieczne do skutecznego kontaktu naszej firmy z Pa\u0144stwem, b) formularz rezerwacji &#8211; zbierane s\u0105 nast\u0119puj\u0105ce informacje: imi\u0119, nazwisko, [&hellip;]<\/p>\n","protected":false},"author":1,"featured_media":0,"parent":0,"menu_order":0,"comment_status":"closed","ping_status":"closed","template":"","meta":{"footnotes":""},"class_list":["post-1600","page","type-page","status-publish","hentry"],"_links":{"self":[{"href":"https:\/\/ukazia.pl\/index.php\/wp-json\/wp\/v2\/pages\/1600","targetHints":{"allow":["GET"]}}],"collection":[{"href":"https:\/\/ukazia.pl\/index.php\/wp-json\/wp\/v2\/pages"}],"about":[{"href":"https:\/\/ukazia.pl\/index.php\/wp-json\/wp\/v2\/types\/page"}],"author":[{"embeddable":true,"href":"https:\/\/ukazia.pl\/index.php\/wp-json\/wp\/v2\/users\/1"}],"replies":[{"embeddable":true,"href":"https:\/\/ukazia.pl\/index.php\/wp-json\/wp\/v2\/comments?post=1600"}],"version-history":[{"count":5,"href":"https:\/\/ukazia.pl\/index.php\/wp-json\/wp\/v2\/pages\/1600\/revisions"}],"predecessor-version":[{"id":1611,"href":"https:\/\/ukazia.pl\/index.php\/wp-json\/wp\/v2\/pages\/1600\/revisions\/1611"}],"wp:attachment":[{"href":"https:\/\/ukazia.pl\/index.php\/wp-json\/wp\/v2\/media?parent=1600"}],"curies":[{"name":"wp","href":"https:\/\/api.w.org\/{rel}","templated":true}]}}