{"id":1345,"date":"2019-05-27T14:20:10","date_gmt":"2019-05-27T12:20:10","guid":{"rendered":"http:\/\/ukazia1.adv24.eu\/?page_id=1345"},"modified":"2019-05-28T12:42:17","modified_gmt":"2019-05-28T10:42:17","slug":"konferencje-i-szkolenia","status":"publish","type":"page","link":"https:\/\/ukazia.pl\/index.php\/konferencje-i-szkolenia\/","title":{"rendered":"Konferencje i szkolenia"},"content":{"rendered":"<p>[vc_row][vc_column width=&#8221;1\/2&#8243; css=&#8221;.vc_custom_1558959677425{background-color: #f5f4f4 !important;}&#8221;][vc_column_text]Sala konferencyjna jest miejscem, w kt\u00f3rym organizowane s\u0105 wszelkiego rodzaju szkolenia, prezentacje i biznesowe spotkania. Ka\u017cda firma od czasu do czasu musi przeprowadzi\u0107 pewien event. S\u0105 to nie tylko imprezy tematyczne, ale i koncerty, wyjazdy integracyjne, konferencje czy jubileusze. Zar\u00f3wno du\u017ce, jak i ma\u0142e firmy pragn\u0105 czasem co\u015b \u015bwi\u0119towa\u0107, musz\u0105 om\u00f3wi\u0107 wa\u017cne kwesti\u0119 lub doszkoli\u0107 swoich pracownik\u00f3w.<\/p>\n<p>Eventy oddaj\u0105 kultur\u0119 i fachowo\u015b\u0107 danej bran\u017cy. Wi\u0119kszo\u015b\u0107 wydarze\u0144 biznesowych nie odbywa si\u0119 w siedzibach firm. Zale\u017cnie od potrzeb i mo\u017cliwo\u015bci korporacje, koncerny czy sp\u00f3\u0142ki staraj\u0105 si\u0119 wyje\u017cd\u017ca\u0107 w inne rejony kraju, a czemu za granic\u0119. Turystyka biznesowa sprzyja poczuciu integracji oraz jest ciekawym urozmaiceniem codziennej monotonii. Wybiera si\u0119 zazwyczaj miejsca, w kt\u00f3re ka\u017cdy mo\u017ce dojecha\u0107.[\/vc_column_text][vc_empty_space]<a href=\"http:\/\/ukazia.pl\/index.php\/formularz\/\" class=\"sc_button sc_button_round sc_button_style_filled sc_button_style_color_style_color_2 sc_button_size_large\">Formularz kontaktowy<\/a>[vc_empty_space][\/vc_column][vc_column width=&#8221;1\/2&#8243; css=&#8221;.vc_custom_1558959650734{margin-top: -20px !important;}&#8221;][vc_single_image image=&#8221;1364&#8243; img_size=&#8221;full&#8221;][\/vc_column][\/vc_row]<\/p>\n","protected":false},"excerpt":{"rendered":"<p>[vc_row][vc_column width=&#8221;1\/2&#8243; css=&#8221;.vc_custom_1558959677425{background-color: #f5f4f4 !important;}&#8221;][vc_column_text]Sala konferencyjna jest miejscem, w kt\u00f3rym organizowane s\u0105 wszelkiego rodzaju szkolenia, prezentacje i biznesowe spotkania. Ka\u017cda firma od czasu do czasu musi przeprowadzi\u0107 pewien event. S\u0105 to nie tylko imprezy tematyczne, ale i koncerty, wyjazdy integracyjne, konferencje czy jubileusze. Zar\u00f3wno du\u017ce, jak i ma\u0142e firmy pragn\u0105 czasem co\u015b \u015bwi\u0119towa\u0107, musz\u0105 om\u00f3wi\u0107 [&hellip;]<\/p>\n","protected":false},"author":1,"featured_media":0,"parent":0,"menu_order":0,"comment_status":"closed","ping_status":"closed","template":"","meta":{"footnotes":""},"class_list":["post-1345","page","type-page","status-publish","hentry"],"_links":{"self":[{"href":"https:\/\/ukazia.pl\/index.php\/wp-json\/wp\/v2\/pages\/1345","targetHints":{"allow":["GET"]}}],"collection":[{"href":"https:\/\/ukazia.pl\/index.php\/wp-json\/wp\/v2\/pages"}],"about":[{"href":"https:\/\/ukazia.pl\/index.php\/wp-json\/wp\/v2\/types\/page"}],"author":[{"embeddable":true,"href":"https:\/\/ukazia.pl\/index.php\/wp-json\/wp\/v2\/users\/1"}],"replies":[{"embeddable":true,"href":"https:\/\/ukazia.pl\/index.php\/wp-json\/wp\/v2\/comments?post=1345"}],"version-history":[{"count":8,"href":"https:\/\/ukazia.pl\/index.php\/wp-json\/wp\/v2\/pages\/1345\/revisions"}],"predecessor-version":[{"id":1426,"href":"https:\/\/ukazia.pl\/index.php\/wp-json\/wp\/v2\/pages\/1345\/revisions\/1426"}],"wp:attachment":[{"href":"https:\/\/ukazia.pl\/index.php\/wp-json\/wp\/v2\/media?parent=1345"}],"curies":[{"name":"wp","href":"https:\/\/api.w.org\/{rel}","templated":true}]}}