{"id":1269,"date":"2019-05-27T09:14:08","date_gmt":"2019-05-27T07:14:08","guid":{"rendered":"http:\/\/ukazia1.adv24.eu\/?page_id=1269"},"modified":"2024-01-16T08:28:15","modified_gmt":"2024-01-16T07:28:15","slug":"grota-solna","status":"publish","type":"page","link":"https:\/\/ukazia.pl\/index.php\/grota-solna\/","title":{"rendered":"Grota solna"},"content":{"rendered":"<p>[vc_row][vc_column width=&#8221;1\/2&#8243; css=&#8221;.vc_custom_1558941420151{margin-top: -20px !important;}&#8221;][vc_gallery type=&#8221;nivo&#8221; interval=&#8221;3&#8243; images=&#8221;1271,1272,1274,1275&#8243; img_size=&#8221;full&#8221;][\/vc_column][vc_column width=&#8221;1\/2&#8243; css=&#8221;.vc_custom_1558941410992{background-color: #f5f4f4 !important;}&#8221;][vc_column_text]<span style=\"color: #000000;\">\u200bZach\u0119camy do odwiedzenia dobroczynnej\u00a0jaskini solnej\u00a0Galos. Oferujemy seanse, kt\u00f3re podnosz\u0105 odporno\u015b\u0107 oraz poprawiaj\u0105 przemian\u0119 materii, dzi\u0119ki \u00a0wprowadzeniu do organizmu mikrocz\u0105steczek soli (poprzez uk\u0142ad oddechowy i sk\u00f3r\u0119).<br \/>\n\u200bSeans w grocie solnej wspomaga leczenie:<\/span><\/p>\n<ul>\n<li><span style=\"color: #000000;\">przewlek\u0142ego zapalenia oskrzeli i p\u0142uc<\/span><\/li>\n<li><span style=\"color: #000000;\">chor\u00f3b dr\u00f3g oddechowych<\/span><\/li>\n<li><span style=\"color: #000000;\">chor\u00f3b uk\u0142adu kr\u0105\u017cenia<\/span><\/li>\n<li><span style=\"color: #000000;\">chor\u00f3b uk\u0142adu pokarmowego<\/span><\/li>\n<li><span style=\"color: #000000;\">schorze\u0144 dermatologicznych<\/span><\/li>\n<li><span style=\"color: #000000;\">chor\u00f3b reumatologicznych<\/span><\/li>\n<li><span style=\"color: #000000;\">zapalenia zatok<\/span><\/li>\n<li><span style=\"color: #000000;\">niedoczynno\u015bci tarczycy<\/span><\/li>\n<\/ul>\n<p><span style=\"color: #000000;\">\u200bKa\u017cdy seans rozpoczyna si\u0119 o pe\u0142nej godzinie zegarowej i trwa 45 minut. Do groty solnej wchodzimy w bia\u0142ych skarpetkach.<\/span><\/p>\n<p><span style=\"color: #000000;\">\u00a0<\/span><\/p>\n<h1>Jaskinia Solna GALOS<\/h1>\n<p>&nbsp;<\/p>\n<h1 style=\"text-align: center;\">Cennik<\/h1>\n<p style=\"text-align: center;\"><strong>Wej\u015bcie jednorazowe (jeden seans)<\/strong> &#8211; 15 z\u0142<br \/>\n<strong>Karnet na 10 seans\u00f3w &#8211;<\/strong> 120 z\u0142<br \/>\n<strong>Wynaj\u0119cie ca\u0142ej jaskini na 1 seans &#8211;<\/strong> 100 z\u0142<br \/>\n<strong>Emeryci i renci\u015bci &#8211;<\/strong> 11 z\u0142<br \/>\n<strong>Dzieci z niepe\u0142nosprawno\u015bci\u0105<\/strong> &#8211; 7 z\u0142<br \/>\n<strong>Dzieci do lat 3<\/strong> &#8211; bezp\u0142atnie<\/p>\n<p>[\/vc_column_text][\/vc_column][\/vc_row]<\/p>\n","protected":false},"excerpt":{"rendered":"<p>[vc_row][vc_column width=&#8221;1\/2&#8243; css=&#8221;.vc_custom_1558941420151{margin-top: -20px !important;}&#8221;][vc_gallery type=&#8221;nivo&#8221; interval=&#8221;3&#8243; images=&#8221;1271,1272,1274,1275&#8243; img_size=&#8221;full&#8221;][\/vc_column][vc_column width=&#8221;1\/2&#8243; css=&#8221;.vc_custom_1558941410992{background-color: #f5f4f4 !important;}&#8221;][vc_column_text]\u200bZach\u0119camy do odwiedzenia dobroczynnej\u00a0jaskini solnej\u00a0Galos. Oferujemy seanse, kt\u00f3re podnosz\u0105 odporno\u015b\u0107 oraz poprawiaj\u0105 przemian\u0119 materii, dzi\u0119ki \u00a0wprowadzeniu do organizmu mikrocz\u0105steczek soli (poprzez uk\u0142ad oddechowy i sk\u00f3r\u0119). \u200bSeans w grocie solnej wspomaga leczenie: przewlek\u0142ego zapalenia oskrzeli i p\u0142uc chor\u00f3b dr\u00f3g oddechowych chor\u00f3b uk\u0142adu kr\u0105\u017cenia chor\u00f3b [&hellip;]<\/p>\n","protected":false},"author":1,"featured_media":0,"parent":0,"menu_order":0,"comment_status":"closed","ping_status":"closed","template":"","meta":{"footnotes":""},"class_list":["post-1269","page","type-page","status-publish","hentry"],"_links":{"self":[{"href":"https:\/\/ukazia.pl\/index.php\/wp-json\/wp\/v2\/pages\/1269","targetHints":{"allow":["GET"]}}],"collection":[{"href":"https:\/\/ukazia.pl\/index.php\/wp-json\/wp\/v2\/pages"}],"about":[{"href":"https:\/\/ukazia.pl\/index.php\/wp-json\/wp\/v2\/types\/page"}],"author":[{"embeddable":true,"href":"https:\/\/ukazia.pl\/index.php\/wp-json\/wp\/v2\/users\/1"}],"replies":[{"embeddable":true,"href":"https:\/\/ukazia.pl\/index.php\/wp-json\/wp\/v2\/comments?post=1269"}],"version-history":[{"count":16,"href":"https:\/\/ukazia.pl\/index.php\/wp-json\/wp\/v2\/pages\/1269\/revisions"}],"predecessor-version":[{"id":1832,"href":"https:\/\/ukazia.pl\/index.php\/wp-json\/wp\/v2\/pages\/1269\/revisions\/1832"}],"wp:attachment":[{"href":"https:\/\/ukazia.pl\/index.php\/wp-json\/wp\/v2\/media?parent=1269"}],"curies":[{"name":"wp","href":"https:\/\/api.w.org\/{rel}","templated":true}]}}