{"id":1233,"date":"2019-05-27T08:45:18","date_gmt":"2019-05-27T06:45:18","guid":{"rendered":"http:\/\/ukazia1.adv24.eu\/?page_id=1233"},"modified":"2024-01-16T08:32:23","modified_gmt":"2024-01-16T07:32:23","slug":"sauna","status":"publish","type":"page","link":"https:\/\/ukazia.pl\/index.php\/sauna\/","title":{"rendered":"Sauna"},"content":{"rendered":"<p>[vc_row][vc_column width=&#8221;1\/2&#8243; css=&#8221;.vc_custom_1558939664311{margin-top: -20px !important;}&#8221;][vc_gallery interval=&#8221;3&#8243; images=&#8221;1235&#8243; img_size=&#8221;full&#8221;][\/vc_column][vc_column width=&#8221;1\/2&#8243; css=&#8221;.vc_custom_1558939727805{background-color: #f5f4f4 !important;}&#8221;][vc_column_text]<\/p>\n<p style=\"text-align: center;\">Saunowanie jest nie tylko najlepszym sposobem odpoczynku. To ceremonia\u0142, kt\u00f3ry anga\u017cuje wszystkie nasze zmys\u0142y. Kolorystyczna uczta dla oka, przyjemny d\u017awi\u0119k skwiercz\u0105cych kamieni, rozkoszny zapach eterycznych olejk\u00f3w, w ko\u0144cu \u2013 b\u0142ogie ciep\u0142o z wolna obejmuj\u0105ce ca\u0142e cia\u0142o. Podaruj sobie niezapomniane chwile\u00a0w saunie \u201e5-ciu Zmys\u0142\u00f3w\u201d \u2013 to Twoje saunowe kr\u00f3lestwo.<\/p>\n<h1 style=\"text-align: center;\">Cennik<\/h1>\n<p style=\"text-align: center;\"><strong>Wej\u015bcie jednorazowe &#8211;\u00a0<\/strong>1h &#8211; 50 z\u0142<\/p>\n<p>[\/vc_column_text][\/vc_column][\/vc_row]<\/p>\n","protected":false},"excerpt":{"rendered":"<p>[vc_row][vc_column width=&#8221;1\/2&#8243; css=&#8221;.vc_custom_1558939664311{margin-top: -20px !important;}&#8221;][vc_gallery interval=&#8221;3&#8243; images=&#8221;1235&#8243; img_size=&#8221;full&#8221;][\/vc_column][vc_column width=&#8221;1\/2&#8243; css=&#8221;.vc_custom_1558939727805{background-color: #f5f4f4 !important;}&#8221;][vc_column_text] Saunowanie jest nie tylko najlepszym sposobem odpoczynku. To ceremonia\u0142, kt\u00f3ry anga\u017cuje wszystkie nasze zmys\u0142y. Kolorystyczna uczta dla oka, przyjemny d\u017awi\u0119k skwiercz\u0105cych kamieni, rozkoszny zapach eterycznych olejk\u00f3w, w ko\u0144cu \u2013 b\u0142ogie ciep\u0142o z wolna obejmuj\u0105ce ca\u0142e cia\u0142o. Podaruj sobie niezapomniane chwile\u00a0w saunie \u201e5-ciu Zmys\u0142\u00f3w\u201d [&hellip;]<\/p>\n","protected":false},"author":1,"featured_media":0,"parent":0,"menu_order":0,"comment_status":"closed","ping_status":"closed","template":"","meta":{"footnotes":""},"class_list":["post-1233","page","type-page","status-publish","hentry"],"_links":{"self":[{"href":"https:\/\/ukazia.pl\/index.php\/wp-json\/wp\/v2\/pages\/1233","targetHints":{"allow":["GET"]}}],"collection":[{"href":"https:\/\/ukazia.pl\/index.php\/wp-json\/wp\/v2\/pages"}],"about":[{"href":"https:\/\/ukazia.pl\/index.php\/wp-json\/wp\/v2\/types\/page"}],"author":[{"embeddable":true,"href":"https:\/\/ukazia.pl\/index.php\/wp-json\/wp\/v2\/users\/1"}],"replies":[{"embeddable":true,"href":"https:\/\/ukazia.pl\/index.php\/wp-json\/wp\/v2\/comments?post=1233"}],"version-history":[{"count":14,"href":"https:\/\/ukazia.pl\/index.php\/wp-json\/wp\/v2\/pages\/1233\/revisions"}],"predecessor-version":[{"id":1835,"href":"https:\/\/ukazia.pl\/index.php\/wp-json\/wp\/v2\/pages\/1233\/revisions\/1835"}],"wp:attachment":[{"href":"https:\/\/ukazia.pl\/index.php\/wp-json\/wp\/v2\/media?parent=1233"}],"curies":[{"name":"wp","href":"https:\/\/api.w.org\/{rel}","templated":true}]}}